{"id":1453,"date":"2021-03-12T19:49:50","date_gmt":"2021-03-12T19:49:50","guid":{"rendered":"http:\/\/resplandoreditorial.com\/nueva\/?page_id=1453"},"modified":"2024-04-03T11:10:06","modified_gmt":"2024-04-03T16:10:06","slug":"la-editorial","status":"publish","type":"page","link":"https:\/\/resplandoreditorial.com\/nueva\/la-editorial\/","title":{"rendered":"La Editorial"},"content":{"rendered":"\t\t<div data-elementor-type=\"wp-page\" data-elementor-id=\"1453\" class=\"elementor elementor-1453\" data-elementor-post-type=\"page\">\n\t\t\t\t\t\t<section class=\"elementor-section elementor-top-section elementor-element elementor-element-9fe2ff6 elementor-section-stretched elementor-section-boxed elementor-section-height-default elementor-section-height-default elementor-invisible\" data-id=\"9fe2ff6\" data-element_type=\"section\" data-e-type=\"section\" data-settings=\"{&quot;stretch_section&quot;:&quot;section-stretched&quot;,&quot;background_background&quot;:&quot;classic&quot;,&quot;animation&quot;:&quot;pulse&quot;}\">\n\t\t\t\t\t\t<div class=\"elementor-container elementor-column-gap-default\">\n\t\t\t\t\t<div class=\"elementor-column elementor-col-50 elementor-top-column elementor-element elementor-element-6fbd834\" data-id=\"6fbd834\" data-element_type=\"column\" data-e-type=\"column\">\n\t\t\t<div class=\"elementor-widget-wrap elementor-element-populated\">\n\t\t\t\t\t\t<div class=\"elementor-element elementor-element-0fa0a19 elementor-widget elementor-widget-image\" data-id=\"0fa0a19\" data-element_type=\"widget\" data-e-type=\"widget\" data-widget_type=\"image.default\">\n\t\t\t\t<div class=\"elementor-widget-container\">\n\t\t\t\t\t\t\t\t\t\t\t\t\t\t\t<img decoding=\"async\" width=\"300\" height=\"136\" src=\"https:\/\/resplandoreditorial.com\/nueva\/wp-content\/uploads\/2021\/03\/Logo-RE-400-300x136.jpg\" class=\"attachment-medium size-medium wp-image-1371\" alt=\"\" srcset=\"https:\/\/resplandoreditorial.com\/nueva\/wp-content\/uploads\/2021\/03\/Logo-RE-400-300x136.jpg 300w, https:\/\/resplandoreditorial.com\/nueva\/wp-content\/uploads\/2021\/03\/Logo-RE-400.jpg 411w\" sizes=\"(max-width: 300px) 100vw, 300px\" \/>\t\t\t\t\t\t\t\t\t\t\t\t\t\t\t<\/div>\n\t\t\t\t<\/div>\n\t\t\t\t\t<\/div>\n\t\t<\/div>\n\t\t\t\t<div class=\"elementor-column elementor-col-50 elementor-top-column elementor-element elementor-element-80442ae\" data-id=\"80442ae\" data-element_type=\"column\" data-e-type=\"column\">\n\t\t\t<div class=\"elementor-widget-wrap elementor-element-populated\">\n\t\t\t\t\t\t<div class=\"elementor-element elementor-element-96f4bc9 elementor-widget elementor-widget-text-editor\" data-id=\"96f4bc9\" data-element_type=\"widget\" data-e-type=\"widget\" data-widget_type=\"text-editor.default\">\n\t\t\t\t<div class=\"elementor-widget-container\">\n\t\t\t\t\t\t\t\t\t<p><strong>La Editorial<\/strong><\/p><p>Nuestra primera publicaci\u00f3n fue <em>La vor\u00e1gine<\/em> (2017), novela gr\u00e1fica de \u00d3scar Pantoja y Jos\u00e9 Luis Jim\u00e9nez, obra que recibi\u00f3 numerosos elogios de la cr\u00edtica y goza de una excelente recepci\u00f3n entre los lectores j\u00f3venes.<\/p><p>Nuestras siguientes publicaciones contribuyeron a afirmar la variedad y riqueza del actual panorama literario colombiano, m\u00e1s all\u00e1 de la pauta comercial de los conglomerados editoriales.<\/p><p>Tal fue el caso de <em>Enemigos imaginarios<\/em> (2019), de Jairo Andrade, libro que obtuvo una Beca de edici\u00f3n para la publicaci\u00f3n de libros de autores colombianos del Ministerio de Cultura, y que tambi\u00e9n fue nominado al Premio Biblioteca de Narrativa Colombiana EAFIT 2019.<\/p><p>Actualmente trabajamos en la ampliaci\u00f3n de nuestro cat\u00e1logo mediante la b\u00fasqueda de nuevas voces literarias.<\/p>\t\t\t\t\t\t\t\t<\/div>\n\t\t\t\t<\/div>\n\t\t\t\t\t<\/div>\n\t\t<\/div>\n\t\t\t\t\t<\/div>\n\t\t<\/section>\n\t\t\t\t<\/div>\n\t\t","protected":false},"excerpt":{"rendered":"<p>La Editorial Nuestra primera publicaci\u00f3n fue La vor\u00e1gine (2017), novela gr\u00e1fica de \u00d3scar Pantoja y Jos\u00e9 Luis Jim\u00e9nez, obra que recibi\u00f3 numerosos elogios de la cr\u00edtica y goza de una excelente recepci\u00f3n entre los lectores j\u00f3venes. Nuestras siguientes publicaciones contribuyeron a afirmar la variedad y riqueza del actual panorama literario colombiano, m\u00e1s all\u00e1 de la &#8230; <a title=\"La Editorial\" class=\"read-more\" href=\"https:\/\/resplandoreditorial.com\/nueva\/la-editorial\/\" aria-label=\"Leer m\u00e1s sobre La Editorial\">Leer m\u00e1s<\/a><\/p>\n","protected":false},"author":1,"featured_media":0,"parent":0,"menu_order":0,"comment_status":"closed","ping_status":"closed","template":"","meta":{"_acf_changed":false,"footnotes":""},"class_list":["post-1453","page","type-page","status-publish"],"acf":[],"_links":{"self":[{"href":"https:\/\/resplandoreditorial.com\/nueva\/wp-json\/wp\/v2\/pages\/1453","targetHints":{"allow":["GET"]}}],"collection":[{"href":"https:\/\/resplandoreditorial.com\/nueva\/wp-json\/wp\/v2\/pages"}],"about":[{"href":"https:\/\/resplandoreditorial.com\/nueva\/wp-json\/wp\/v2\/types\/page"}],"author":[{"embeddable":true,"href":"https:\/\/resplandoreditorial.com\/nueva\/wp-json\/wp\/v2\/users\/1"}],"replies":[{"embeddable":true,"href":"https:\/\/resplandoreditorial.com\/nueva\/wp-json\/wp\/v2\/comments?post=1453"}],"version-history":[{"count":18,"href":"https:\/\/resplandoreditorial.com\/nueva\/wp-json\/wp\/v2\/pages\/1453\/revisions"}],"predecessor-version":[{"id":2224,"href":"https:\/\/resplandoreditorial.com\/nueva\/wp-json\/wp\/v2\/pages\/1453\/revisions\/2224"}],"wp:attachment":[{"href":"https:\/\/resplandoreditorial.com\/nueva\/wp-json\/wp\/v2\/media?parent=1453"}],"curies":[{"name":"wp","href":"https:\/\/api.w.org\/{rel}","templated":true}]}}