{"id":1489,"date":"2021-03-12T20:55:34","date_gmt":"2021-03-13T01:55:34","guid":{"rendered":"http:\/\/resplandoreditorial.com\/nueva\/?page_id=1489"},"modified":"2024-04-03T11:17:43","modified_gmt":"2024-04-03T16:17:43","slug":"editor","status":"publish","type":"page","link":"https:\/\/resplandoreditorial.com\/nueva\/la-editorial\/editor\/","title":{"rendered":"Editor"},"content":{"rendered":"\t\t<div data-elementor-type=\"wp-page\" data-elementor-id=\"1489\" class=\"elementor elementor-1489\" data-elementor-post-type=\"page\">\n\t\t\t\t\t\t<section class=\"elementor-section elementor-top-section elementor-element elementor-element-4acb1bf elementor-section-stretched elementor-section-boxed elementor-section-height-default elementor-section-height-default elementor-invisible\" data-id=\"4acb1bf\" data-element_type=\"section\" data-e-type=\"section\" data-settings=\"{&quot;stretch_section&quot;:&quot;section-stretched&quot;,&quot;background_background&quot;:&quot;classic&quot;,&quot;animation&quot;:&quot;pulse&quot;}\">\n\t\t\t\t\t\t<div class=\"elementor-container elementor-column-gap-default\">\n\t\t\t\t\t<div class=\"elementor-column elementor-col-50 elementor-top-column elementor-element elementor-element-1274746\" data-id=\"1274746\" data-element_type=\"column\" data-e-type=\"column\">\n\t\t\t<div class=\"elementor-widget-wrap elementor-element-populated\">\n\t\t\t\t\t\t<div class=\"elementor-element elementor-element-8c54b44 elementor-widget elementor-widget-image\" data-id=\"8c54b44\" data-element_type=\"widget\" data-e-type=\"widget\" data-widget_type=\"image.default\">\n\t\t\t\t<div class=\"elementor-widget-container\">\n\t\t\t\t\t\t\t\t\t\t\t\t\t\t\t<img fetchpriority=\"high\" decoding=\"async\" width=\"684\" height=\"1024\" src=\"https:\/\/resplandoreditorial.com\/nueva\/wp-content\/uploads\/2024\/04\/NeilRomero-9-684x1024.jpg\" class=\"attachment-large size-large wp-image-2225\" alt=\"\" srcset=\"https:\/\/resplandoreditorial.com\/nueva\/wp-content\/uploads\/2024\/04\/NeilRomero-9-684x1024.jpg 684w, https:\/\/resplandoreditorial.com\/nueva\/wp-content\/uploads\/2024\/04\/NeilRomero-9-200x300.jpg 200w, https:\/\/resplandoreditorial.com\/nueva\/wp-content\/uploads\/2024\/04\/NeilRomero-9-768x1150.jpg 768w, https:\/\/resplandoreditorial.com\/nueva\/wp-content\/uploads\/2024\/04\/NeilRomero-9-1026x1536.jpg 1026w, https:\/\/resplandoreditorial.com\/nueva\/wp-content\/uploads\/2024\/04\/NeilRomero-9-1368x2048.jpg 1368w, https:\/\/resplandoreditorial.com\/nueva\/wp-content\/uploads\/2024\/04\/NeilRomero-9-300x449.jpg 300w, https:\/\/resplandoreditorial.com\/nueva\/wp-content\/uploads\/2024\/04\/NeilRomero-9-600x898.jpg 600w, https:\/\/resplandoreditorial.com\/nueva\/wp-content\/uploads\/2024\/04\/NeilRomero-9-320x480.jpg 320w, https:\/\/resplandoreditorial.com\/nueva\/wp-content\/uploads\/2024\/04\/NeilRomero-9-scaled.jpg 1710w\" sizes=\"(max-width: 684px) 100vw, 684px\" \/>\t\t\t\t\t\t\t\t\t\t\t\t\t\t\t<\/div>\n\t\t\t\t<\/div>\n\t\t\t\t\t<\/div>\n\t\t<\/div>\n\t\t\t\t<div class=\"elementor-column elementor-col-50 elementor-top-column elementor-element elementor-element-38377e7\" data-id=\"38377e7\" data-element_type=\"column\" data-e-type=\"column\">\n\t\t\t<div class=\"elementor-widget-wrap elementor-element-populated\">\n\t\t\t\t\t\t<div class=\"elementor-element elementor-element-400d86d elementor-widget elementor-widget-text-editor\" data-id=\"400d86d\" data-element_type=\"widget\" data-e-type=\"widget\" data-widget_type=\"text-editor.default\">\n\t\t\t\t<div class=\"elementor-widget-container\">\n\t\t\t\t\t\t\t\t\t<p><b>Editor y fundador: Neil Romero<\/b><\/p><p>Magister en literatura de la Pontificia Universidad Javeriana. Licenciado en Lenguas Modernas de la Universidad de La Salle.Gan\u00f3 el Premio Nacional de Cuento Ciudad de Bogot\u00e1 2002 con su libro de relatos <em>El resplandor<\/em>. Se ha dedicado a la literatura desde entonces; ejercicio que ha combinado con su profesi\u00f3n: profesor de espa\u00f1ol y literatura en el colegio Andino de Bogot\u00e1. Ha sido jurado en concursos de cuento locales, entre ellos el patrocinado por el Ministerio de Educaci\u00f3n Nacional y RCN.Fue integrante de la comitiva colombiana de artistas invitada a la Feria del Libro de Ciudad de M\u00e9xico D.F. en 2003. Asistente de direcci\u00f3n del primer reality literario transmitido por Canal 13.<\/p>\t\t\t\t\t\t\t\t<\/div>\n\t\t\t\t<\/div>\n\t\t\t\t\t<\/div>\n\t\t<\/div>\n\t\t\t\t\t<\/div>\n\t\t<\/section>\n\t\t\t\t<\/div>\n\t\t","protected":false},"excerpt":{"rendered":"<p>Editor y fundador: Neil Romero Magister en literatura de la Pontificia Universidad Javeriana. Licenciado en Lenguas Modernas de la Universidad de La Salle.Gan\u00f3 el Premio Nacional de Cuento Ciudad de Bogot\u00e1 2002 con su libro de relatos El resplandor. Se ha dedicado a la literatura desde entonces; ejercicio que ha combinado con su profesi\u00f3n: profesor &#8230; <a title=\"Editor\" class=\"read-more\" href=\"https:\/\/resplandoreditorial.com\/nueva\/la-editorial\/editor\/\" aria-label=\"Leer m\u00e1s sobre Editor\">Leer m\u00e1s<\/a><\/p>\n","protected":false},"author":1,"featured_media":0,"parent":1453,"menu_order":0,"comment_status":"closed","ping_status":"closed","template":"","meta":{"_acf_changed":false,"footnotes":""},"class_list":["post-1489","page","type-page","status-publish"],"acf":[],"_links":{"self":[{"href":"https:\/\/resplandoreditorial.com\/nueva\/wp-json\/wp\/v2\/pages\/1489","targetHints":{"allow":["GET"]}}],"collection":[{"href":"https:\/\/resplandoreditorial.com\/nueva\/wp-json\/wp\/v2\/pages"}],"about":[{"href":"https:\/\/resplandoreditorial.com\/nueva\/wp-json\/wp\/v2\/types\/page"}],"author":[{"embeddable":true,"href":"https:\/\/resplandoreditorial.com\/nueva\/wp-json\/wp\/v2\/users\/1"}],"replies":[{"embeddable":true,"href":"https:\/\/resplandoreditorial.com\/nueva\/wp-json\/wp\/v2\/comments?post=1489"}],"version-history":[{"count":16,"href":"https:\/\/resplandoreditorial.com\/nueva\/wp-json\/wp\/v2\/pages\/1489\/revisions"}],"predecessor-version":[{"id":2229,"href":"https:\/\/resplandoreditorial.com\/nueva\/wp-json\/wp\/v2\/pages\/1489\/revisions\/2229"}],"up":[{"embeddable":true,"href":"https:\/\/resplandoreditorial.com\/nueva\/wp-json\/wp\/v2\/pages\/1453"}],"wp:attachment":[{"href":"https:\/\/resplandoreditorial.com\/nueva\/wp-json\/wp\/v2\/media?parent=1489"}],"curies":[{"name":"wp","href":"https:\/\/api.w.org\/{rel}","templated":true}]}}