{"id":1756,"date":"2021-04-16T21:17:35","date_gmt":"2021-04-17T02:17:35","guid":{"rendered":"https:\/\/resplandoreditorial.com\/nueva\/?page_id=1756"},"modified":"2021-05-23T17:20:44","modified_gmt":"2021-05-23T22:20:44","slug":"a-futuro","status":"publish","type":"page","link":"https:\/\/resplandoreditorial.com\/nueva\/la-editorial\/a-futuro\/","title":{"rendered":"A futuro"},"content":{"rendered":"\t\t<div data-elementor-type=\"wp-page\" data-elementor-id=\"1756\" class=\"elementor elementor-1756\" data-elementor-post-type=\"page\">\n\t\t\t\t\t\t<section class=\"elementor-section elementor-top-section elementor-element elementor-element-0b1ea2e elementor-section-stretched elementor-section-boxed elementor-section-height-default elementor-section-height-default elementor-invisible\" data-id=\"0b1ea2e\" data-element_type=\"section\" data-e-type=\"section\" data-settings=\"{&quot;stretch_section&quot;:&quot;section-stretched&quot;,&quot;background_background&quot;:&quot;classic&quot;,&quot;animation&quot;:&quot;pulse&quot;}\">\n\t\t\t\t\t\t<div class=\"elementor-container elementor-column-gap-default\">\n\t\t\t\t\t<div class=\"elementor-column elementor-col-50 elementor-top-column elementor-element elementor-element-c7aaec5\" data-id=\"c7aaec5\" data-element_type=\"column\" data-e-type=\"column\">\n\t\t\t<div class=\"elementor-widget-wrap elementor-element-populated\">\n\t\t\t\t\t\t<div class=\"elementor-element elementor-element-5a28bd2 elementor-widget elementor-widget-image\" data-id=\"5a28bd2\" data-element_type=\"widget\" data-e-type=\"widget\" data-widget_type=\"image.default\">\n\t\t\t\t<div class=\"elementor-widget-container\">\n\t\t\t\t\t\t\t\t\t\t\t\t\t\t\t<img decoding=\"async\" width=\"300\" height=\"136\" src=\"https:\/\/resplandoreditorial.com\/nueva\/wp-content\/uploads\/2021\/03\/Logo-RE-400-300x136.jpg\" class=\"attachment-medium size-medium wp-image-1371\" alt=\"\" srcset=\"https:\/\/resplandoreditorial.com\/nueva\/wp-content\/uploads\/2021\/03\/Logo-RE-400-300x136.jpg 300w, https:\/\/resplandoreditorial.com\/nueva\/wp-content\/uploads\/2021\/03\/Logo-RE-400.jpg 411w\" sizes=\"(max-width: 300px) 100vw, 300px\" \/>\t\t\t\t\t\t\t\t\t\t\t\t\t\t\t<\/div>\n\t\t\t\t<\/div>\n\t\t\t\t\t<\/div>\n\t\t<\/div>\n\t\t\t\t<div class=\"elementor-column elementor-col-50 elementor-top-column elementor-element elementor-element-a5d7f27\" data-id=\"a5d7f27\" data-element_type=\"column\" data-e-type=\"column\">\n\t\t\t<div class=\"elementor-widget-wrap elementor-element-populated\">\n\t\t\t\t\t\t<div class=\"elementor-element elementor-element-e4e7943 elementor-widget elementor-widget-text-editor\" data-id=\"e4e7943\" data-element_type=\"widget\" data-e-type=\"widget\" data-widget_type=\"text-editor.default\">\n\t\t\t\t<div class=\"elementor-widget-container\">\n\t\t\t\t\t\t\t\t\t<p><b>A futuro<\/b><\/p><p>Resplandor Editorial est\u00e1 comprometida con el mejoramiento de los \u00edndices de lectura en Colombia.<\/p><p>A futuro, nos vemos iluminando la imaginaci\u00f3n de j\u00f3venes y adultos con textos que por su calidad literaria y riqueza editorial se conviertan en referentes de la literatura colombiana, con especial \u00e9nfasis en la novela gr\u00e1fica y las narrativas fant\u00e1sticas.<\/p>\t\t\t\t\t\t\t\t<\/div>\n\t\t\t\t<\/div>\n\t\t\t\t\t<\/div>\n\t\t<\/div>\n\t\t\t\t\t<\/div>\n\t\t<\/section>\n\t\t\t\t<\/div>\n\t\t","protected":false},"excerpt":{"rendered":"<p>A futuro Resplandor Editorial est\u00e1 comprometida con el mejoramiento de los \u00edndices de lectura en Colombia. A futuro, nos vemos iluminando la imaginaci\u00f3n de j\u00f3venes y adultos con textos que por su calidad literaria y riqueza editorial se conviertan en referentes de la literatura colombiana, con especial \u00e9nfasis en la novela gr\u00e1fica y las narrativas &#8230; <a title=\"A futuro\" class=\"read-more\" href=\"https:\/\/resplandoreditorial.com\/nueva\/la-editorial\/a-futuro\/\" aria-label=\"Leer m\u00e1s sobre A futuro\">Leer m\u00e1s<\/a><\/p>\n","protected":false},"author":1,"featured_media":0,"parent":1453,"menu_order":0,"comment_status":"closed","ping_status":"closed","template":"","meta":{"_acf_changed":false,"footnotes":""},"class_list":["post-1756","page","type-page","status-publish"],"acf":[],"_links":{"self":[{"href":"https:\/\/resplandoreditorial.com\/nueva\/wp-json\/wp\/v2\/pages\/1756","targetHints":{"allow":["GET"]}}],"collection":[{"href":"https:\/\/resplandoreditorial.com\/nueva\/wp-json\/wp\/v2\/pages"}],"about":[{"href":"https:\/\/resplandoreditorial.com\/nueva\/wp-json\/wp\/v2\/types\/page"}],"author":[{"embeddable":true,"href":"https:\/\/resplandoreditorial.com\/nueva\/wp-json\/wp\/v2\/users\/1"}],"replies":[{"embeddable":true,"href":"https:\/\/resplandoreditorial.com\/nueva\/wp-json\/wp\/v2\/comments?post=1756"}],"version-history":[{"count":4,"href":"https:\/\/resplandoreditorial.com\/nueva\/wp-json\/wp\/v2\/pages\/1756\/revisions"}],"predecessor-version":[{"id":1881,"href":"https:\/\/resplandoreditorial.com\/nueva\/wp-json\/wp\/v2\/pages\/1756\/revisions\/1881"}],"up":[{"embeddable":true,"href":"https:\/\/resplandoreditorial.com\/nueva\/wp-json\/wp\/v2\/pages\/1453"}],"wp:attachment":[{"href":"https:\/\/resplandoreditorial.com\/nueva\/wp-json\/wp\/v2\/media?parent=1756"}],"curies":[{"name":"wp","href":"https:\/\/api.w.org\/{rel}","templated":true}]}}