{"id":1419,"date":"2021-03-12T18:33:45","date_gmt":"2021-03-12T18:33:45","guid":{"rendered":"http:\/\/resplandoreditorial.com\/nueva\/?post_type=product&#038;p=1419"},"modified":"2025-06-10T08:46:43","modified_gmt":"2025-06-10T13:46:43","slug":"la-metaformosis","status":"publish","type":"product","link":"https:\/\/resplandoreditorial.com\/nueva\/producto\/la-metaformosis\/","title":{"rendered":"La metaformosis"},"content":{"rendered":"<div class=\"product-details__product-attributes\">\n<div class=\"details-product-attribute\">Brad sufre una transformaci\u00f3n: se convierte en uno de los hombres m\u00e1s hermosos del mundo. Aprovechando el suceso har\u00e1 de las suyas durante dos noches hist\u00e9ricas en las que conseguir\u00e1 amigos, amantes y trabajo. Su belleza y su desnudez son las llaves para alcanzar el \u00e9xito.<\/div>\n<\/div>\n<div id=\"productDescription\" class=\"product-details__product-description\">\n<p>Y la aventura se extiende en la palma de su mano.<\/p>\n<\/div>\n","protected":false},"excerpt":{"rendered":"<p>Brad sufre una transformaci\u00f3n: se convierte en uno de los hombres m\u00e1s hermosos del mundo<\/p>\n","protected":false},"featured_media":1420,"template":"","meta":{"_acf_changed":false},"product_brand":[],"product_cat":[18],"product_tag":[],"class_list":{"0":"post-1419","1":"product","2":"type-product","3":"status-publish","4":"has-post-thumbnail","6":"product_cat-formato-fisico","7":"pa_autor-oscar-pantoja","8":"autor-oscar-pantoja","10":"first","11":"outofstock","12":"shipping-taxable","13":"purchasable","14":"product-type-simple"},"acf":[],"_links":{"self":[{"href":"https:\/\/resplandoreditorial.com\/nueva\/wp-json\/wp\/v2\/product\/1419","targetHints":{"allow":["GET"]}}],"collection":[{"href":"https:\/\/resplandoreditorial.com\/nueva\/wp-json\/wp\/v2\/product"}],"about":[{"href":"https:\/\/resplandoreditorial.com\/nueva\/wp-json\/wp\/v2\/types\/product"}],"version-history":[{"count":1,"href":"https:\/\/resplandoreditorial.com\/nueva\/wp-json\/wp\/v2\/product\/1419\/revisions"}],"predecessor-version":[{"id":2359,"href":"https:\/\/resplandoreditorial.com\/nueva\/wp-json\/wp\/v2\/product\/1419\/revisions\/2359"}],"wp:featuredmedia":[{"embeddable":true,"href":"https:\/\/resplandoreditorial.com\/nueva\/wp-json\/wp\/v2\/media\/1420"}],"wp:attachment":[{"href":"https:\/\/resplandoreditorial.com\/nueva\/wp-json\/wp\/v2\/media?parent=1419"}],"wp:term":[{"taxonomy":"product_brand","embeddable":true,"href":"https:\/\/resplandoreditorial.com\/nueva\/wp-json\/wp\/v2\/product_brand?post=1419"},{"taxonomy":"product_cat","embeddable":true,"href":"https:\/\/resplandoreditorial.com\/nueva\/wp-json\/wp\/v2\/product_cat?post=1419"},{"taxonomy":"product_tag","embeddable":true,"href":"https:\/\/resplandoreditorial.com\/nueva\/wp-json\/wp\/v2\/product_tag?post=1419"}],"curies":[{"name":"wp","href":"https:\/\/api.w.org\/{rel}","templated":true}]}}