{"id":1427,"date":"2021-03-12T18:57:14","date_gmt":"2021-03-12T18:57:14","guid":{"rendered":"http:\/\/resplandoreditorial.com\/nueva\/?post_type=product&#038;p=1427"},"modified":"2025-06-10T08:46:05","modified_gmt":"2025-06-10T13:46:05","slug":"la-conspiracion-de-los-farsantes","status":"publish","type":"product","link":"https:\/\/resplandoreditorial.com\/nueva\/producto\/la-conspiracion-de-los-farsantes\/","title":{"rendered":"La conspiraci\u00f3n de los farsantes"},"content":{"rendered":"<div class=\"product-details__product-attributes\">\n<div class=\"details-product-attribute\">Es una novela de amor, sexo y violencia entre el tr\u00f3pico colombiano y la pen\u00ednsula ib\u00e9rica. Un thriller que lo llevar\u00e1 a las zonas oscuras del amor, la lucha contra el terrorismo y la sociedad contempor\u00e1nea. Presentada en la Semana Negra de Gij\u00f3n 2013 como una de las novelas destacadas del a\u00f1o.<\/div>\n<\/div>\n","protected":false},"excerpt":{"rendered":"<div class=\"details-product-attribute\">Es una novela de amor, sexo y violencia entre el tr\u00f3pico colombiano y la pen\u00ednsula ib\u00e9rica<\/div>\n","protected":false},"featured_media":1433,"template":"","meta":{"_acf_changed":false},"product_brand":[],"product_cat":[18],"product_tag":[],"class_list":{"0":"post-1427","1":"product","2":"type-product","3":"status-publish","4":"has-post-thumbnail","6":"product_cat-formato-fisico","7":"pa_autor-edwin-umana","8":"autor-edwin-umana","10":"first","11":"outofstock","12":"shipping-taxable","13":"purchasable","14":"product-type-simple"},"acf":[],"_links":{"self":[{"href":"https:\/\/resplandoreditorial.com\/nueva\/wp-json\/wp\/v2\/product\/1427","targetHints":{"allow":["GET"]}}],"collection":[{"href":"https:\/\/resplandoreditorial.com\/nueva\/wp-json\/wp\/v2\/product"}],"about":[{"href":"https:\/\/resplandoreditorial.com\/nueva\/wp-json\/wp\/v2\/types\/product"}],"version-history":[{"count":2,"href":"https:\/\/resplandoreditorial.com\/nueva\/wp-json\/wp\/v2\/product\/1427\/revisions"}],"predecessor-version":[{"id":2358,"href":"https:\/\/resplandoreditorial.com\/nueva\/wp-json\/wp\/v2\/product\/1427\/revisions\/2358"}],"wp:featuredmedia":[{"embeddable":true,"href":"https:\/\/resplandoreditorial.com\/nueva\/wp-json\/wp\/v2\/media\/1433"}],"wp:attachment":[{"href":"https:\/\/resplandoreditorial.com\/nueva\/wp-json\/wp\/v2\/media?parent=1427"}],"wp:term":[{"taxonomy":"product_brand","embeddable":true,"href":"https:\/\/resplandoreditorial.com\/nueva\/wp-json\/wp\/v2\/product_brand?post=1427"},{"taxonomy":"product_cat","embeddable":true,"href":"https:\/\/resplandoreditorial.com\/nueva\/wp-json\/wp\/v2\/product_cat?post=1427"},{"taxonomy":"product_tag","embeddable":true,"href":"https:\/\/resplandoreditorial.com\/nueva\/wp-json\/wp\/v2\/product_tag?post=1427"}],"curies":[{"name":"wp","href":"https:\/\/api.w.org\/{rel}","templated":true}]}}