{"id":1429,"date":"2021-03-12T18:59:01","date_gmt":"2021-03-12T18:59:01","guid":{"rendered":"http:\/\/resplandoreditorial.com\/nueva\/?post_type=product&#038;p=1429"},"modified":"2025-06-10T08:45:13","modified_gmt":"2025-06-10T13:45:13","slug":"rivera-el-visionario-de-la-selva-oscura","status":"publish","type":"product","link":"https:\/\/resplandoreditorial.com\/nueva\/producto\/rivera-el-visionario-de-la-selva-oscura\/","title":{"rendered":"Rivera: el visionario de la selva oscura"},"content":{"rendered":"<div class=\"product-details__product-attributes\">\n<div class=\"details-product-attribute\">La extraordinaria biograf\u00eda del maestro Isa\u00edas Pe\u00f1a nos pasea por la vida del escritor, desde sus or\u00edgenes hasta su repentina muerte en Nueva York. Un libro imprescindible para comprender la relevancia de Rivera en las letras colombianas e hispanoamericanas.<\/div>\n<\/div>\n","protected":false},"excerpt":{"rendered":"<p>La extraordinaria biograf\u00eda del maestro Isa\u00edas Pe\u00f1a nos pasea por la vida del escritor, desde sus or\u00edgenes hasta su repentina muerte en Nueva York<\/p>\n","protected":false},"featured_media":1430,"template":"","meta":{"_acf_changed":false},"product_brand":[],"product_cat":[18],"product_tag":[],"class_list":{"0":"post-1429","1":"product","2":"type-product","3":"status-publish","4":"has-post-thumbnail","6":"product_cat-formato-fisico","7":"pa_autor-isaias-pena-gutierrez","8":"autor-isaias-pena-gutierrez","10":"first","11":"outofstock","12":"shipping-taxable","13":"purchasable","14":"product-type-simple"},"acf":[],"_links":{"self":[{"href":"https:\/\/resplandoreditorial.com\/nueva\/wp-json\/wp\/v2\/product\/1429","targetHints":{"allow":["GET"]}}],"collection":[{"href":"https:\/\/resplandoreditorial.com\/nueva\/wp-json\/wp\/v2\/product"}],"about":[{"href":"https:\/\/resplandoreditorial.com\/nueva\/wp-json\/wp\/v2\/types\/product"}],"version-history":[{"count":2,"href":"https:\/\/resplandoreditorial.com\/nueva\/wp-json\/wp\/v2\/product\/1429\/revisions"}],"predecessor-version":[{"id":2700,"href":"https:\/\/resplandoreditorial.com\/nueva\/wp-json\/wp\/v2\/product\/1429\/revisions\/2700"}],"wp:featuredmedia":[{"embeddable":true,"href":"https:\/\/resplandoreditorial.com\/nueva\/wp-json\/wp\/v2\/media\/1430"}],"wp:attachment":[{"href":"https:\/\/resplandoreditorial.com\/nueva\/wp-json\/wp\/v2\/media?parent=1429"}],"wp:term":[{"taxonomy":"product_brand","embeddable":true,"href":"https:\/\/resplandoreditorial.com\/nueva\/wp-json\/wp\/v2\/product_brand?post=1429"},{"taxonomy":"product_cat","embeddable":true,"href":"https:\/\/resplandoreditorial.com\/nueva\/wp-json\/wp\/v2\/product_cat?post=1429"},{"taxonomy":"product_tag","embeddable":true,"href":"https:\/\/resplandoreditorial.com\/nueva\/wp-json\/wp\/v2\/product_tag?post=1429"}],"curies":[{"name":"wp","href":"https:\/\/api.w.org\/{rel}","templated":true}]}}