{"id":1781,"date":"2021-05-11T10:51:28","date_gmt":"2021-05-11T15:51:28","guid":{"rendered":"https:\/\/resplandoreditorial.com\/nueva\/?post_type=product&#038;p=1781"},"modified":"2025-06-10T08:43:24","modified_gmt":"2025-06-10T13:43:24","slug":"ditirambos-del-desprecio","status":"publish","type":"product","link":"https:\/\/resplandoreditorial.com\/nueva\/producto\/ditirambos-del-desprecio\/","title":{"rendered":"Ditirambos del desprecio"},"content":{"rendered":"<p>Ditirambos del desprecio es una selecci\u00f3n de textos de seis libros escritos durante m\u00e1s de dos d\u00e9cadas: poemarios como <em>Paloma inversa<\/em> y <em>Pl\u00e1stica de met\u00e1fora con p\u00e1jaros y mujeres<\/em> encierran poemas que parten de la poes\u00eda experimental que viene de Mallarm\u00e9 y Apollinaire y llega hasta Joan Brossa.<\/p>\n","protected":false},"excerpt":{"rendered":"<p>Ditirambos del desprecio es una selecci\u00f3n de textos de seis libros escritos durante m\u00e1s de dos d\u00e9cadas<\/p>\n","protected":false},"featured_media":1782,"template":"","meta":{"_acf_changed":false},"product_brand":[],"product_cat":[18],"product_tag":[],"class_list":{"0":"post-1781","1":"product","2":"type-product","3":"status-publish","4":"has-post-thumbnail","6":"product_cat-formato-fisico","7":"autor-fredy-navarro","9":"first","10":"outofstock","11":"shipping-taxable","12":"purchasable","13":"product-type-simple"},"acf":[],"_links":{"self":[{"href":"https:\/\/resplandoreditorial.com\/nueva\/wp-json\/wp\/v2\/product\/1781","targetHints":{"allow":["GET"]}}],"collection":[{"href":"https:\/\/resplandoreditorial.com\/nueva\/wp-json\/wp\/v2\/product"}],"about":[{"href":"https:\/\/resplandoreditorial.com\/nueva\/wp-json\/wp\/v2\/types\/product"}],"version-history":[{"count":1,"href":"https:\/\/resplandoreditorial.com\/nueva\/wp-json\/wp\/v2\/product\/1781\/revisions"}],"predecessor-version":[{"id":2356,"href":"https:\/\/resplandoreditorial.com\/nueva\/wp-json\/wp\/v2\/product\/1781\/revisions\/2356"}],"wp:featuredmedia":[{"embeddable":true,"href":"https:\/\/resplandoreditorial.com\/nueva\/wp-json\/wp\/v2\/media\/1782"}],"wp:attachment":[{"href":"https:\/\/resplandoreditorial.com\/nueva\/wp-json\/wp\/v2\/media?parent=1781"}],"wp:term":[{"taxonomy":"product_brand","embeddable":true,"href":"https:\/\/resplandoreditorial.com\/nueva\/wp-json\/wp\/v2\/product_brand?post=1781"},{"taxonomy":"product_cat","embeddable":true,"href":"https:\/\/resplandoreditorial.com\/nueva\/wp-json\/wp\/v2\/product_cat?post=1781"},{"taxonomy":"product_tag","embeddable":true,"href":"https:\/\/resplandoreditorial.com\/nueva\/wp-json\/wp\/v2\/product_tag?post=1781"}],"curies":[{"name":"wp","href":"https:\/\/api.w.org\/{rel}","templated":true}]}}