{"id":1783,"date":"2021-05-11T10:52:58","date_gmt":"2021-05-11T15:52:58","guid":{"rendered":"https:\/\/resplandoreditorial.com\/nueva\/?post_type=product&#038;p=1783"},"modified":"2025-06-10T08:42:44","modified_gmt":"2025-06-10T13:42:44","slug":"donde-no-se-puede-caminar-descalzo","status":"publish","type":"product","link":"https:\/\/resplandoreditorial.com\/nueva\/producto\/donde-no-se-puede-caminar-descalzo\/","title":{"rendered":"Donde no se puede caminar descalzo"},"content":{"rendered":"<p>En su primer libro de cuentos, Henry Linares nos traslada a las calles de un barrio fr\u00edo y hostil que pronto ubicamos en las lomas nororientales de Bogot\u00e1. Al paso de un pu\u00f1ado de adolescentes que se buscan obsesivamente entre s\u00ed, como si presintieran que el otro les oculta las claves de la existencia, el libro nos adentra en un mosaico de historias enmarcadas en la dureza de la marginalidad citadina de los a\u00f1os ochenta.<\/p>\n","protected":false},"excerpt":{"rendered":"<p>En su primer libro de cuentos, Henry Linares nos traslada a las calles de un barrio fr\u00edo y hostil que pronto ubicamos en las lomas nororientales de Bogot\u00e1.<\/p>\n","protected":false},"featured_media":1784,"template":"","meta":{"_acf_changed":false},"product_brand":[],"product_cat":[18],"product_tag":[],"class_list":{"0":"post-1783","1":"product","2":"type-product","3":"status-publish","4":"has-post-thumbnail","6":"product_cat-formato-fisico","7":"autor-henry-linares","9":"first","10":"outofstock","11":"shipping-taxable","12":"purchasable","13":"product-type-simple"},"acf":[],"_links":{"self":[{"href":"https:\/\/resplandoreditorial.com\/nueva\/wp-json\/wp\/v2\/product\/1783","targetHints":{"allow":["GET"]}}],"collection":[{"href":"https:\/\/resplandoreditorial.com\/nueva\/wp-json\/wp\/v2\/product"}],"about":[{"href":"https:\/\/resplandoreditorial.com\/nueva\/wp-json\/wp\/v2\/types\/product"}],"version-history":[{"count":2,"href":"https:\/\/resplandoreditorial.com\/nueva\/wp-json\/wp\/v2\/product\/1783\/revisions"}],"predecessor-version":[{"id":2699,"href":"https:\/\/resplandoreditorial.com\/nueva\/wp-json\/wp\/v2\/product\/1783\/revisions\/2699"}],"wp:featuredmedia":[{"embeddable":true,"href":"https:\/\/resplandoreditorial.com\/nueva\/wp-json\/wp\/v2\/media\/1784"}],"wp:attachment":[{"href":"https:\/\/resplandoreditorial.com\/nueva\/wp-json\/wp\/v2\/media?parent=1783"}],"wp:term":[{"taxonomy":"product_brand","embeddable":true,"href":"https:\/\/resplandoreditorial.com\/nueva\/wp-json\/wp\/v2\/product_brand?post=1783"},{"taxonomy":"product_cat","embeddable":true,"href":"https:\/\/resplandoreditorial.com\/nueva\/wp-json\/wp\/v2\/product_cat?post=1783"},{"taxonomy":"product_tag","embeddable":true,"href":"https:\/\/resplandoreditorial.com\/nueva\/wp-json\/wp\/v2\/product_tag?post=1783"}],"curies":[{"name":"wp","href":"https:\/\/api.w.org\/{rel}","templated":true}]}}