{"id":1975,"date":"2021-12-21T18:57:09","date_gmt":"2021-12-21T23:57:09","guid":{"rendered":"https:\/\/resplandoreditorial.com\/nueva\/?post_type=product&#038;p=1975"},"modified":"2025-07-11T09:32:45","modified_gmt":"2025-07-11T14:32:45","slug":"tres-odres","status":"publish","type":"product","link":"https:\/\/resplandoreditorial.com\/nueva\/producto\/tres-odres\/","title":{"rendered":"Tres odres"},"content":{"rendered":"<p>Tres desgraciados se re\u00fanen para pasar otra noche de tragos. Una noche eterna, un bucle neblinoso en la aciaga existencia de estos tres infelices, que, de manera estulta, creen encontrar algo de sosiego en la ingesta, nunca suficiente, de alcohol et\u00edlico en todas sus presentaciones. El humor, \u00e1cido y corrosivo, como los tragos que toman sus tres protagonistas, es la clave para disfrutar de esta historia, menci\u00f3n meritoria en la Maestr\u00eda de Creaci\u00f3n Literaria de la Universidad Central, en el a\u00f1o 2018<\/p>\n","protected":false},"excerpt":{"rendered":"<p>El humor, \u00e1cido y corrosivo, como los tragos que toman sus tres protagonistas, es la clave para disfrutar de esta historia, menci\u00f3n meritoria en la Maestr\u00eda de Creaci\u00f3n Literaria de la Universidad Central, en el a\u00f1o 2018<\/p>\n","protected":false},"featured_media":1976,"template":"","meta":{"_acf_changed":false},"product_brand":[],"product_cat":[18],"product_tag":[],"class_list":{"0":"post-1975","1":"product","2":"type-product","3":"status-publish","4":"has-post-thumbnail","6":"product_cat-formato-fisico","7":"autor-diego-quiroga","9":"first","10":"instock","11":"shipping-taxable","12":"purchasable","13":"product-type-simple"},"acf":[],"_links":{"self":[{"href":"https:\/\/resplandoreditorial.com\/nueva\/wp-json\/wp\/v2\/product\/1975","targetHints":{"allow":["GET"]}}],"collection":[{"href":"https:\/\/resplandoreditorial.com\/nueva\/wp-json\/wp\/v2\/product"}],"about":[{"href":"https:\/\/resplandoreditorial.com\/nueva\/wp-json\/wp\/v2\/types\/product"}],"version-history":[{"count":1,"href":"https:\/\/resplandoreditorial.com\/nueva\/wp-json\/wp\/v2\/product\/1975\/revisions"}],"predecessor-version":[{"id":2354,"href":"https:\/\/resplandoreditorial.com\/nueva\/wp-json\/wp\/v2\/product\/1975\/revisions\/2354"}],"wp:featuredmedia":[{"embeddable":true,"href":"https:\/\/resplandoreditorial.com\/nueva\/wp-json\/wp\/v2\/media\/1976"}],"wp:attachment":[{"href":"https:\/\/resplandoreditorial.com\/nueva\/wp-json\/wp\/v2\/media?parent=1975"}],"wp:term":[{"taxonomy":"product_brand","embeddable":true,"href":"https:\/\/resplandoreditorial.com\/nueva\/wp-json\/wp\/v2\/product_brand?post=1975"},{"taxonomy":"product_cat","embeddable":true,"href":"https:\/\/resplandoreditorial.com\/nueva\/wp-json\/wp\/v2\/product_cat?post=1975"},{"taxonomy":"product_tag","embeddable":true,"href":"https:\/\/resplandoreditorial.com\/nueva\/wp-json\/wp\/v2\/product_tag?post=1975"}],"curies":[{"name":"wp","href":"https:\/\/api.w.org\/{rel}","templated":true}]}}