{"id":1981,"date":"2022-03-02T10:56:44","date_gmt":"2022-03-02T15:56:44","guid":{"rendered":"https:\/\/resplandoreditorial.com\/nueva\/?post_type=product&#038;p=1981"},"modified":"2025-07-11T09:31:59","modified_gmt":"2025-07-11T14:31:59","slug":"cuando-la-violencia-se-volvio-paisaje","status":"publish","type":"product","link":"https:\/\/resplandoreditorial.com\/nueva\/producto\/cuando-la-violencia-se-volvio-paisaje\/","title":{"rendered":"Cuando la violencia se volvi\u00f3 paisaje"},"content":{"rendered":"<p>Libro narrado en primera persona, desde la perspectiva de un hijo de colonos, nacido y criado en el Putumayo, acerca de su vivencia en la regi\u00f3n; es un testimonio revelador.<\/p>\n<p>Testimonios como el de estas p\u00e1ginas nos despiertan la empat\u00eda en medio de la diversidad y de la diferencia; ense\u00f1an que el dolor es uno en todas partes<\/p>\n","protected":false},"excerpt":{"rendered":"<p>Libro narrado en primera persona, desde la perspectiva de un hijo de colonos, nacido y criado en el Putumayo, acerca de su vivencia en la regi\u00f3n; es un testimonio revelador.<\/p>\n","protected":false},"featured_media":1982,"template":"","meta":{"_acf_changed":false},"product_brand":[],"product_cat":[18],"product_tag":[],"class_list":{"0":"post-1981","1":"product","2":"type-product","3":"status-publish","4":"has-post-thumbnail","6":"product_cat-formato-fisico","7":"autor-guillermo-rivera-florez","9":"first","10":"instock","11":"shipping-taxable","12":"purchasable","13":"product-type-simple"},"acf":[],"_links":{"self":[{"href":"https:\/\/resplandoreditorial.com\/nueva\/wp-json\/wp\/v2\/product\/1981","targetHints":{"allow":["GET"]}}],"collection":[{"href":"https:\/\/resplandoreditorial.com\/nueva\/wp-json\/wp\/v2\/product"}],"about":[{"href":"https:\/\/resplandoreditorial.com\/nueva\/wp-json\/wp\/v2\/types\/product"}],"version-history":[{"count":2,"href":"https:\/\/resplandoreditorial.com\/nueva\/wp-json\/wp\/v2\/product\/1981\/revisions"}],"predecessor-version":[{"id":2698,"href":"https:\/\/resplandoreditorial.com\/nueva\/wp-json\/wp\/v2\/product\/1981\/revisions\/2698"}],"wp:featuredmedia":[{"embeddable":true,"href":"https:\/\/resplandoreditorial.com\/nueva\/wp-json\/wp\/v2\/media\/1982"}],"wp:attachment":[{"href":"https:\/\/resplandoreditorial.com\/nueva\/wp-json\/wp\/v2\/media?parent=1981"}],"wp:term":[{"taxonomy":"product_brand","embeddable":true,"href":"https:\/\/resplandoreditorial.com\/nueva\/wp-json\/wp\/v2\/product_brand?post=1981"},{"taxonomy":"product_cat","embeddable":true,"href":"https:\/\/resplandoreditorial.com\/nueva\/wp-json\/wp\/v2\/product_cat?post=1981"},{"taxonomy":"product_tag","embeddable":true,"href":"https:\/\/resplandoreditorial.com\/nueva\/wp-json\/wp\/v2\/product_tag?post=1981"}],"curies":[{"name":"wp","href":"https:\/\/api.w.org\/{rel}","templated":true}]}}