{"id":2013,"date":"2023-01-16T21:56:38","date_gmt":"2023-01-17T02:56:38","guid":{"rendered":"https:\/\/resplandoreditorial.com\/nueva\/?post_type=product&#038;p=2013"},"modified":"2025-07-11T09:31:32","modified_gmt":"2025-07-11T14:31:32","slug":"imitacion-salmona","status":"publish","type":"product","link":"https:\/\/resplandoreditorial.com\/nueva\/producto\/imitacion-salmona\/","title":{"rendered":"Imitaci\u00f3n Salmona"},"content":{"rendered":"<p>La ciudad es la principal protagonista de estos relatos. Por distintas que parezcan las preocupaciones de sus personajes -el tiempo, el luto, la p\u00e9rdida, la memoria, las formas m\u00e1s cotidianas y sutiles que adopta la violencia-, todos terminan regresando a la capital, as\u00ed sea como un lugar desde el que se est\u00e1 intentando huir<\/p>\n","protected":false},"excerpt":{"rendered":"<p>Imitaci\u00f3n Salmona es su primera colecci\u00f3n de cuentos<\/p>\n","protected":false},"featured_media":2015,"template":"","meta":{"_acf_changed":false},"product_brand":[],"product_cat":[18],"product_tag":[],"class_list":{"0":"post-2013","1":"product","2":"type-product","3":"status-publish","4":"has-post-thumbnail","6":"product_cat-formato-fisico","7":"autor-andres-mendoza","8":"editorial-resplandor-editorial","10":"first","11":"instock","12":"shipping-taxable","13":"purchasable","14":"product-type-simple"},"acf":[],"_links":{"self":[{"href":"https:\/\/resplandoreditorial.com\/nueva\/wp-json\/wp\/v2\/product\/2013","targetHints":{"allow":["GET"]}}],"collection":[{"href":"https:\/\/resplandoreditorial.com\/nueva\/wp-json\/wp\/v2\/product"}],"about":[{"href":"https:\/\/resplandoreditorial.com\/nueva\/wp-json\/wp\/v2\/types\/product"}],"version-history":[{"count":1,"href":"https:\/\/resplandoreditorial.com\/nueva\/wp-json\/wp\/v2\/product\/2013\/revisions"}],"predecessor-version":[{"id":2697,"href":"https:\/\/resplandoreditorial.com\/nueva\/wp-json\/wp\/v2\/product\/2013\/revisions\/2697"}],"wp:featuredmedia":[{"embeddable":true,"href":"https:\/\/resplandoreditorial.com\/nueva\/wp-json\/wp\/v2\/media\/2015"}],"wp:attachment":[{"href":"https:\/\/resplandoreditorial.com\/nueva\/wp-json\/wp\/v2\/media?parent=2013"}],"wp:term":[{"taxonomy":"product_brand","embeddable":true,"href":"https:\/\/resplandoreditorial.com\/nueva\/wp-json\/wp\/v2\/product_brand?post=2013"},{"taxonomy":"product_cat","embeddable":true,"href":"https:\/\/resplandoreditorial.com\/nueva\/wp-json\/wp\/v2\/product_cat?post=2013"},{"taxonomy":"product_tag","embeddable":true,"href":"https:\/\/resplandoreditorial.com\/nueva\/wp-json\/wp\/v2\/product_tag?post=2013"}],"curies":[{"name":"wp","href":"https:\/\/api.w.org\/{rel}","templated":true}]}}