{"id":2072,"date":"2024-01-18T14:44:45","date_gmt":"2024-01-18T19:44:45","guid":{"rendered":"https:\/\/resplandoreditorial.com\/nueva\/?post_type=product&#038;p=2072"},"modified":"2025-07-11T09:30:38","modified_gmt":"2025-07-11T14:30:38","slug":"suenos-de-abuela-con-la-luna-llena","status":"publish","type":"product","link":"https:\/\/resplandoreditorial.com\/nueva\/producto\/suenos-de-abuela-con-la-luna-llena\/","title":{"rendered":"Sue\u00f1os de abuela con la luna llena"},"content":{"rendered":"<div>En su primera compilaci\u00f3n de relatos, Luz \u00c1ngela nos deleita con una mezcla de memorias, sue\u00f1os y personajes.<\/div>\n<div><\/div>\n<div>Su narrativa transcurre en medio de la maravillosa selva que lucha por sobrevivir a las acciones del ser humano.<\/div>\n<div><\/div>\n<div>Es ideal para leer en familia.<\/div>\n","protected":false},"excerpt":{"rendered":"<p>Es ideal para leer en familia.<\/p>\n","protected":false},"featured_media":2073,"template":"","meta":{"_acf_changed":false},"product_brand":[],"product_cat":[18],"product_tag":[],"class_list":{"0":"post-2072","1":"product","2":"type-product","3":"status-publish","4":"has-post-thumbnail","6":"product_cat-formato-fisico","7":"autor-luz-angela-florez-de-rivera","9":"first","10":"instock","11":"shipping-taxable","12":"purchasable","13":"product-type-simple"},"acf":[],"_links":{"self":[{"href":"https:\/\/resplandoreditorial.com\/nueva\/wp-json\/wp\/v2\/product\/2072","targetHints":{"allow":["GET"]}}],"collection":[{"href":"https:\/\/resplandoreditorial.com\/nueva\/wp-json\/wp\/v2\/product"}],"about":[{"href":"https:\/\/resplandoreditorial.com\/nueva\/wp-json\/wp\/v2\/types\/product"}],"version-history":[{"count":1,"href":"https:\/\/resplandoreditorial.com\/nueva\/wp-json\/wp\/v2\/product\/2072\/revisions"}],"predecessor-version":[{"id":2353,"href":"https:\/\/resplandoreditorial.com\/nueva\/wp-json\/wp\/v2\/product\/2072\/revisions\/2353"}],"wp:featuredmedia":[{"embeddable":true,"href":"https:\/\/resplandoreditorial.com\/nueva\/wp-json\/wp\/v2\/media\/2073"}],"wp:attachment":[{"href":"https:\/\/resplandoreditorial.com\/nueva\/wp-json\/wp\/v2\/media?parent=2072"}],"wp:term":[{"taxonomy":"product_brand","embeddable":true,"href":"https:\/\/resplandoreditorial.com\/nueva\/wp-json\/wp\/v2\/product_brand?post=2072"},{"taxonomy":"product_cat","embeddable":true,"href":"https:\/\/resplandoreditorial.com\/nueva\/wp-json\/wp\/v2\/product_cat?post=2072"},{"taxonomy":"product_tag","embeddable":true,"href":"https:\/\/resplandoreditorial.com\/nueva\/wp-json\/wp\/v2\/product_tag?post=2072"}],"curies":[{"name":"wp","href":"https:\/\/api.w.org\/{rel}","templated":true}]}}