{"id":2331,"date":"2024-04-03T18:47:39","date_gmt":"2024-04-03T23:47:39","guid":{"rendered":"https:\/\/resplandoreditorial.com\/nueva\/?post_type=product&#038;p=2331"},"modified":"2025-07-11T09:30:06","modified_gmt":"2025-07-11T14:30:06","slug":"cuenta-regresiva-y-otros-relatos","status":"publish","type":"product","link":"https:\/\/resplandoreditorial.com\/nueva\/producto\/cuenta-regresiva-y-otros-relatos\/","title":{"rendered":"Cuenta regresiva y otros relatos"},"content":{"rendered":"<p>Compilaci\u00f3n de cuentos premiados del escritor Jairo Andrade. Incluye el libro Puntos de fuga, Premio Nacional de Cuento Jorge Gait\u00e1n Dur\u00e1n 2012 y otros\u00a0 relatos ganadores en diversos cert\u00e1menes literarios.<\/p>\n<p>\u00abHay en estos cuentos una mirada delirante que termina por hacerse natural, como si la ficci\u00f3n le estuviera ganando una partida de p\u00f3quer a la realidad\u00bb. Nahum Montt.<\/p>\n","protected":false},"excerpt":{"rendered":"<p>Compilaci\u00f3n de cuentos premiados del escritor Jairo Andrade.<\/p>\n","protected":false},"featured_media":1424,"template":"","meta":{"_acf_changed":false},"product_brand":[],"product_cat":[18],"product_tag":[],"class_list":{"0":"post-2331","1":"product","2":"type-product","3":"status-publish","4":"has-post-thumbnail","6":"product_cat-formato-fisico","7":"autor-jairo-andrade","8":"editorial-resplandor-editorial","10":"first","11":"instock","12":"shipping-taxable","13":"purchasable","14":"product-type-simple"},"acf":[],"_links":{"self":[{"href":"https:\/\/resplandoreditorial.com\/nueva\/wp-json\/wp\/v2\/product\/2331","targetHints":{"allow":["GET"]}}],"collection":[{"href":"https:\/\/resplandoreditorial.com\/nueva\/wp-json\/wp\/v2\/product"}],"about":[{"href":"https:\/\/resplandoreditorial.com\/nueva\/wp-json\/wp\/v2\/types\/product"}],"version-history":[{"count":4,"href":"https:\/\/resplandoreditorial.com\/nueva\/wp-json\/wp\/v2\/product\/2331\/revisions"}],"predecessor-version":[{"id":2362,"href":"https:\/\/resplandoreditorial.com\/nueva\/wp-json\/wp\/v2\/product\/2331\/revisions\/2362"}],"wp:featuredmedia":[{"embeddable":true,"href":"https:\/\/resplandoreditorial.com\/nueva\/wp-json\/wp\/v2\/media\/1424"}],"wp:attachment":[{"href":"https:\/\/resplandoreditorial.com\/nueva\/wp-json\/wp\/v2\/media?parent=2331"}],"wp:term":[{"taxonomy":"product_brand","embeddable":true,"href":"https:\/\/resplandoreditorial.com\/nueva\/wp-json\/wp\/v2\/product_brand?post=2331"},{"taxonomy":"product_cat","embeddable":true,"href":"https:\/\/resplandoreditorial.com\/nueva\/wp-json\/wp\/v2\/product_cat?post=2331"},{"taxonomy":"product_tag","embeddable":true,"href":"https:\/\/resplandoreditorial.com\/nueva\/wp-json\/wp\/v2\/product_tag?post=2331"}],"curies":[{"name":"wp","href":"https:\/\/api.w.org\/{rel}","templated":true}]}}