{"id":2343,"date":"2024-04-04T08:24:49","date_gmt":"2024-04-04T13:24:49","guid":{"rendered":"https:\/\/resplandoreditorial.com\/nueva\/?post_type=product&#038;p=2343"},"modified":"2025-09-12T14:25:40","modified_gmt":"2025-09-12T19:25:40","slug":"la-voragine-novela-grafica-2","status":"publish","type":"product","link":"https:\/\/resplandoreditorial.com\/nueva\/producto\/la-voragine-novela-grafica-2\/","title":{"rendered":"La vor\u00e1gine &#8211; Novela gr\u00e1fica"},"content":{"rendered":"<p>Basado en la novela de Jos\u00e9 Eustasio Rivera, este libro es una adaptaci\u00f3n del escritor \u00d3scar Pantoja y el dise\u00f1ador Jos\u00e9 Luis Jim\u00e9nez.<\/p>\n<p>El resultado es un libro novedoso y envolvente que recompone mediante texto e imagen el esp\u00edritu de la genial novela de Rivera.<\/p>\n","protected":false},"excerpt":{"rendered":"<p>Basado en la novela de Jos\u00e9 Eustasio Rivera, este libro es una adaptaci\u00f3n del escritor \u00d3scar Pantoja y el dise\u00f1ador Jos\u00e9 Luis Jim\u00e9nez.<\/p>\n","protected":false},"featured_media":2114,"template":"","meta":{"_acf_changed":false},"product_brand":[],"product_cat":[18],"product_tag":[],"class_list":{"0":"post-2343","1":"product","2":"type-product","3":"status-publish","4":"has-post-thumbnail","6":"product_cat-formato-fisico","7":"autor-jose-luis-jimenez","8":"autor-oscar-pantoja","9":"editorial-resplandor-editorial","11":"first","12":"instock","13":"featured","14":"shipping-taxable","15":"purchasable","16":"product-type-simple"},"acf":[],"_links":{"self":[{"href":"https:\/\/resplandoreditorial.com\/nueva\/wp-json\/wp\/v2\/product\/2343","targetHints":{"allow":["GET"]}}],"collection":[{"href":"https:\/\/resplandoreditorial.com\/nueva\/wp-json\/wp\/v2\/product"}],"about":[{"href":"https:\/\/resplandoreditorial.com\/nueva\/wp-json\/wp\/v2\/types\/product"}],"version-history":[{"count":3,"href":"https:\/\/resplandoreditorial.com\/nueva\/wp-json\/wp\/v2\/product\/2343\/revisions"}],"predecessor-version":[{"id":2373,"href":"https:\/\/resplandoreditorial.com\/nueva\/wp-json\/wp\/v2\/product\/2343\/revisions\/2373"}],"wp:featuredmedia":[{"embeddable":true,"href":"https:\/\/resplandoreditorial.com\/nueva\/wp-json\/wp\/v2\/media\/2114"}],"wp:attachment":[{"href":"https:\/\/resplandoreditorial.com\/nueva\/wp-json\/wp\/v2\/media?parent=2343"}],"wp:term":[{"taxonomy":"product_brand","embeddable":true,"href":"https:\/\/resplandoreditorial.com\/nueva\/wp-json\/wp\/v2\/product_brand?post=2343"},{"taxonomy":"product_cat","embeddable":true,"href":"https:\/\/resplandoreditorial.com\/nueva\/wp-json\/wp\/v2\/product_cat?post=2343"},{"taxonomy":"product_tag","embeddable":true,"href":"https:\/\/resplandoreditorial.com\/nueva\/wp-json\/wp\/v2\/product_tag?post=2343"}],"curies":[{"name":"wp","href":"https:\/\/api.w.org\/{rel}","templated":true}]}}