{"id":2650,"date":"2025-01-22T14:50:48","date_gmt":"2025-01-22T19:50:48","guid":{"rendered":"https:\/\/resplandoreditorial.com\/nueva\/?post_type=product&#038;p=2650"},"modified":"2025-07-11T09:24:49","modified_gmt":"2025-07-11T14:24:49","slug":"calvario","status":"publish","type":"product","link":"https:\/\/resplandoreditorial.com\/nueva\/producto\/calvario\/","title":{"rendered":"Calvario"},"content":{"rendered":"<p>Un accidente de tr\u00e1nsito deja a Bazterrica a solas con su cabeza. Lo que en apariencia es un sue\u00f1o largo, en realidad, termina convirti\u00e9ndose en un viaje que le har\u00e1 cuestionar su matrimonio, sus decisiones pasadas y su cordura.<br \/>\nCalvario, la primera novela de Andr\u00e9s Mendoza, es una exploraci\u00f3n de los sue\u00f1os\u00a0y\u00a0la\u00a0memoria.<\/p>\n","protected":false},"excerpt":{"rendered":"<p>Un accidente de tr\u00e1nsito deja a Bazterrica a solas con su cabeza. Lo que en apariencia es un sue\u00f1o largo, en realidad, termina convirti\u00e9ndose en un viaje que le har\u00e1 cuestionar su matrimonio, sus decisiones pasadas y su cordura.<br \/>\nCalvario, la primera novela de Andr\u00e9s Mendoza, es una exploraci\u00f3n de los sue\u00f1os\u00a0y\u00a0la\u00a0memoria.<\/p>\n","protected":false},"featured_media":2646,"template":"","meta":{"_acf_changed":false},"product_brand":[],"product_cat":[18],"product_tag":[],"class_list":{"0":"post-2650","1":"product","2":"type-product","3":"status-publish","4":"has-post-thumbnail","6":"product_cat-formato-fisico","7":"autor-andres-mendoza","8":"editorial-resplandor-editorial","10":"first","11":"instock","12":"featured","13":"shipping-taxable","14":"purchasable","15":"product-type-simple"},"acf":[],"_links":{"self":[{"href":"https:\/\/resplandoreditorial.com\/nueva\/wp-json\/wp\/v2\/product\/2650","targetHints":{"allow":["GET"]}}],"collection":[{"href":"https:\/\/resplandoreditorial.com\/nueva\/wp-json\/wp\/v2\/product"}],"about":[{"href":"https:\/\/resplandoreditorial.com\/nueva\/wp-json\/wp\/v2\/types\/product"}],"version-history":[{"count":2,"href":"https:\/\/resplandoreditorial.com\/nueva\/wp-json\/wp\/v2\/product\/2650\/revisions"}],"predecessor-version":[{"id":2656,"href":"https:\/\/resplandoreditorial.com\/nueva\/wp-json\/wp\/v2\/product\/2650\/revisions\/2656"}],"wp:featuredmedia":[{"embeddable":true,"href":"https:\/\/resplandoreditorial.com\/nueva\/wp-json\/wp\/v2\/media\/2646"}],"wp:attachment":[{"href":"https:\/\/resplandoreditorial.com\/nueva\/wp-json\/wp\/v2\/media?parent=2650"}],"wp:term":[{"taxonomy":"product_brand","embeddable":true,"href":"https:\/\/resplandoreditorial.com\/nueva\/wp-json\/wp\/v2\/product_brand?post=2650"},{"taxonomy":"product_cat","embeddable":true,"href":"https:\/\/resplandoreditorial.com\/nueva\/wp-json\/wp\/v2\/product_cat?post=2650"},{"taxonomy":"product_tag","embeddable":true,"href":"https:\/\/resplandoreditorial.com\/nueva\/wp-json\/wp\/v2\/product_tag?post=2650"}],"curies":[{"name":"wp","href":"https:\/\/api.w.org\/{rel}","templated":true}]}}